{"id":208,"date":"2025-05-23T23:15:05","date_gmt":"2025-05-23T23:15:05","guid":{"rendered":"https:\/\/arestech.arestech.us\/?post_type=product&#038;p=208"},"modified":"2025-12-19T21:17:42","modified_gmt":"2025-12-19T21:17:42","slug":"mobile-and-endpoints-protection","status":"publish","type":"product","link":"https:\/\/arestech.us\/es\/product\/mobile-and-endpoints-protection\/","title":{"rendered":"Protecci\u00f3n de m\u00f3viles y terminales"},"menu_order":0,"template":"","format":"standard","meta":{"_acf_changed":false,"content-type":""},"class_list":["post-208","product","type-product","status-publish","format-standard","hentry"],"acf":[],"yoast_head":"<!-- This site is optimized with the Yoast SEO plugin v27.3 - https:\/\/yoast.com\/product\/yoast-seo-wordpress\/ -->\n<title>Mobile and Endpoints Protection - Ares Tech<\/title>\n<meta name=\"description\" content=\"We safeguard laptops, tablets, and mobile devices by implementing best-in-class AI-based tools combined with 24\/7 monitoring. This ensures protection against malware, ransomware, and unauthorized access, no matter where you are.\" \/>\n<meta name=\"robots\" content=\"index, follow, max-snippet:-1, max-image-preview:large, max-video-preview:-1\" \/>\n<link rel=\"canonical\" href=\"https:\/\/arestech.us\/es\/product\/mobile-and-endpoints-protection\/\" \/>\n<meta property=\"og:locale\" content=\"es_MX\" \/>\n<meta property=\"og:type\" content=\"article\" \/>\n<meta property=\"og:title\" content=\"Mobile and Endpoints Protection - Ares Tech\" \/>\n<meta property=\"og:description\" content=\"We safeguard laptops, tablets, and mobile devices by implementing best-in-class AI-based tools combined with 24\/7 monitoring. This ensures protection against malware, ransomware, and unauthorized access, no matter where you are.\" \/>\n<meta property=\"og:url\" content=\"https:\/\/arestech.us\/es\/product\/mobile-and-endpoints-protection\/\" \/>\n<meta property=\"og:site_name\" content=\"Ares Tech\" \/>\n<meta property=\"article:modified_time\" content=\"2025-12-19T21:17:42+00:00\" \/>\n<meta name=\"twitter:card\" content=\"summary_large_image\" \/>\n<script type=\"application\/ld+json\" class=\"yoast-schema-graph\">{\"@context\":\"https:\\\/\\\/schema.org\",\"@graph\":[{\"@type\":\"WebPage\",\"@id\":\"https:\\\/\\\/arestech.us\\\/product\\\/mobile-and-endpoints-protection\\\/\",\"url\":\"https:\\\/\\\/arestech.us\\\/product\\\/mobile-and-endpoints-protection\\\/\",\"name\":\"Mobile and Endpoints Protection - Ares Tech\",\"isPartOf\":{\"@id\":\"https:\\\/\\\/arestech.us\\\/#website\"},\"datePublished\":\"2025-05-23T23:15:05+00:00\",\"dateModified\":\"2025-12-19T21:17:42+00:00\",\"description\":\"We safeguard laptops, tablets, and mobile devices by implementing best-in-class AI-based tools combined with 24\\\/7 monitoring. This ensures protection against malware, ransomware, and unauthorized access, no matter where you are.\",\"breadcrumb\":{\"@id\":\"https:\\\/\\\/arestech.us\\\/product\\\/mobile-and-endpoints-protection\\\/#breadcrumb\"},\"inLanguage\":\"es\",\"potentialAction\":[{\"@type\":\"ReadAction\",\"target\":[\"https:\\\/\\\/arestech.us\\\/product\\\/mobile-and-endpoints-protection\\\/\"]}]},{\"@type\":\"BreadcrumbList\",\"@id\":\"https:\\\/\\\/arestech.us\\\/product\\\/mobile-and-endpoints-protection\\\/#breadcrumb\",\"itemListElement\":[{\"@type\":\"ListItem\",\"position\":1,\"name\":\"Home\",\"item\":\"https:\\\/\\\/arestech.us\\\/\"},{\"@type\":\"ListItem\",\"position\":2,\"name\":\"Mobile and Endpoints Protection\"}]},{\"@type\":\"WebSite\",\"@id\":\"https:\\\/\\\/arestech.us\\\/#website\",\"url\":\"https:\\\/\\\/arestech.us\\\/\",\"name\":\"Ares Tech\",\"description\":\"An eye on everything\",\"potentialAction\":[{\"@type\":\"SearchAction\",\"target\":{\"@type\":\"EntryPoint\",\"urlTemplate\":\"https:\\\/\\\/arestech.us\\\/?s={search_term_string}\"},\"query-input\":{\"@type\":\"PropertyValueSpecification\",\"valueRequired\":true,\"valueName\":\"search_term_string\"}}],\"inLanguage\":\"es\"}]}<\/script>\n<!-- \/ Yoast SEO plugin. -->","yoast_head_json":{"title":"Mobile and Endpoints Protection - Ares Tech","description":"Protegemos sus port\u00e1tiles, tabletas y dispositivos m\u00f3viles mediante la implementaci\u00f3n de herramientas de inteligencia artificial de vanguardia, combinadas con monitorizaci\u00f3n 24\/7. Esto garantiza la protecci\u00f3n contra malware, ransomware y accesos no autorizados, est\u00e9 donde est\u00e9.","robots":{"index":"index","follow":"follow","max-snippet":"max-snippet:-1","max-image-preview":"max-image-preview:large","max-video-preview":"max-video-preview:-1"},"canonical":"https:\/\/arestech.us\/es\/product\/mobile-and-endpoints-protection\/","og_locale":"es_MX","og_type":"article","og_title":"Mobile and Endpoints Protection - Ares Tech","og_description":"We safeguard laptops, tablets, and mobile devices by implementing best-in-class AI-based tools combined with 24\/7 monitoring. This ensures protection against malware, ransomware, and unauthorized access, no matter where you are.","og_url":"https:\/\/arestech.us\/es\/product\/mobile-and-endpoints-protection\/","og_site_name":"Ares Tech","article_modified_time":"2025-12-19T21:17:42+00:00","twitter_card":"summary_large_image","schema":{"@context":"https:\/\/schema.org","@graph":[{"@type":"WebPage","@id":"https:\/\/arestech.us\/product\/mobile-and-endpoints-protection\/","url":"https:\/\/arestech.us\/product\/mobile-and-endpoints-protection\/","name":"Mobile and Endpoints Protection - Ares Tech","isPartOf":{"@id":"https:\/\/arestech.us\/#website"},"datePublished":"2025-05-23T23:15:05+00:00","dateModified":"2025-12-19T21:17:42+00:00","description":"Protegemos sus port\u00e1tiles, tabletas y dispositivos m\u00f3viles mediante la implementaci\u00f3n de herramientas de inteligencia artificial de vanguardia, combinadas con monitorizaci\u00f3n 24\/7. Esto garantiza la protecci\u00f3n contra malware, ransomware y accesos no autorizados, est\u00e9 donde est\u00e9.","breadcrumb":{"@id":"https:\/\/arestech.us\/product\/mobile-and-endpoints-protection\/#breadcrumb"},"inLanguage":"es","potentialAction":[{"@type":"ReadAction","target":["https:\/\/arestech.us\/product\/mobile-and-endpoints-protection\/"]}]},{"@type":"BreadcrumbList","@id":"https:\/\/arestech.us\/product\/mobile-and-endpoints-protection\/#breadcrumb","itemListElement":[{"@type":"ListItem","position":1,"name":"Home","item":"https:\/\/arestech.us\/"},{"@type":"ListItem","position":2,"name":"Mobile and Endpoints Protection"}]},{"@type":"WebSite","@id":"https:\/\/arestech.us\/#website","url":"https:\/\/arestech.us\/","name":"Ares Tech","description":"An eye on everything","potentialAction":[{"@type":"SearchAction","target":{"@type":"EntryPoint","urlTemplate":"https:\/\/arestech.us\/?s={search_term_string}"},"query-input":{"@type":"PropertyValueSpecification","valueRequired":true,"valueName":"search_term_string"}}],"inLanguage":"es"}]}},"_links":{"self":[{"href":"https:\/\/arestech.us\/es\/wp-json\/wp\/v2\/product\/208","targetHints":{"allow":["GET"]}}],"collection":[{"href":"https:\/\/arestech.us\/es\/wp-json\/wp\/v2\/product"}],"about":[{"href":"https:\/\/arestech.us\/es\/wp-json\/wp\/v2\/types\/product"}],"wp:attachment":[{"href":"https:\/\/arestech.us\/es\/wp-json\/wp\/v2\/media?parent=208"}],"curies":[{"name":"wp","href":"https:\/\/api.w.org\/{rel}","templated":true}]}}